{"id":565,"date":"2025-09-17T10:10:23","date_gmt":"2025-09-17T08:10:23","guid":{"rendered":"https:\/\/www.mentoris.dev\/references\/"},"modified":"2025-09-24T11:33:57","modified_gmt":"2025-09-24T09:33:57","slug":"references","status":"publish","type":"page","link":"https:\/\/www.mentoris.dev\/en\/references\/","title":{"rendered":"References"},"content":{"rendered":"\n<div class=\"wp-block-etb-grid etb-grid-0641e6b4  has-box-shadow\">\n<div class=\"wp-block-etb-grid-item\"><div class=\"testimonial-header\"><div class=\"quote-icon\"><svg clip-rule=\"evenodd\" fill-rule=\"evenodd\" stroke-linejoin=\"round\" stroke-miterlimit=\"2\" viewBox=\"0 0 24 24\"><path d=\"m21.301 4c.411 0 .699.313.699.663 0 .248-.145.515-.497.702-1.788.948-3.858 4.226-3.858 6.248 3.016-.092 4.326 2.582 4.326 4.258 0 2.007-1.738 4.129-4.308 4.129-3.24 0-4.83-2.547-4.83-5.307 0-5.98 6.834-10.693 8.468-10.693zm-10.833 0c.41 0 .699.313.699.663 0 .248-.145.515-.497.702-1.788.948-3.858 4.226-3.858 6.248 3.016-.092 4.326 2.582 4.326 4.258 0 2.007-1.739 4.129-4.308 4.129-3.241 0-4.83-2.547-4.83-5.307 0-5.98 6.833-10.693 8.468-10.693z\" fill-rule=\"nonzero\"><\/path><\/svg><\/div><\/div><p class=\"testimonial-message\">Columban brings a tremendous blend of personal empathy, managerial care and drive for results. I have seen him lead people very efficiently and enable team members to grow on many occasions, through technical coaching and genuine interest in people. He is a citizen of Europe with true French, Irish and Spanish cultural background + experience of dealing with customers and colleagues in many other countries. His language skills are impressive. His very wide range of interest, enthusiastic but measured personality and personal charm make him someone you want to follow and learn from.<\/p><div class=\"reviewer-info\"><div class=\"reviewer-photo\"><img decoding=\"async\" src=\"https:\/\/www.mentoris.dev\/wp-content\/uploads\/2025\/09\/IMG_0524-scaled.jpg\" alt=\"<strong&gt;David Fulchiron, <\/strong&gt;\"\/><\/div><div class=\"reviewer-info-content\"><h4 class=\"reviewer-name\"><strong>David Fulchiron, <\/strong><\/h4><p class=\"reviewer-title\"><strong>International Sales Leader, <\/strong><\/p><p class=\"reviewer-company\"><strong>B2B environment<\/strong><\/p><\/div><\/div><\/div>\n\n\n\n<div class=\"wp-block-etb-grid-item\"><div class=\"testimonial-header\"><div class=\"quote-icon\"><svg clip-rule=\"evenodd\" fill-rule=\"evenodd\" stroke-linejoin=\"round\" stroke-miterlimit=\"2\" viewBox=\"0 0 24 24\"><path d=\"m21.301 4c.411 0 .699.313.699.663 0 .248-.145.515-.497.702-1.788.948-3.858 4.226-3.858 6.248 3.016-.092 4.326 2.582 4.326 4.258 0 2.007-1.738 4.129-4.308 4.129-3.24 0-4.83-2.547-4.83-5.307 0-5.98 6.834-10.693 8.468-10.693zm-10.833 0c.41 0 .699.313.699.663 0 .248-.145.515-.497.702-1.788.948-3.858 4.226-3.858 6.248 3.016-.092 4.326 2.582 4.326 4.258 0 2.007-1.739 4.129-4.308 4.129-3.241 0-4.83-2.547-4.83-5.307 0-5.98 6.833-10.693 8.468-10.693z\" fill-rule=\"nonzero\"><\/path><\/svg><\/div><\/div><p class=\"testimonial-message\">Columban has strong business acumen. Beyond that he is able to develop robust and efficient interpersonal relationships, aiming at building win win solutions.<\/p><div class=\"reviewer-info\"><div class=\"reviewer-info-content\"><h4 class=\"reviewer-name\"><strong>V\u00e9ronique Nassour,<\/strong><\/h4><p class=\"reviewer-title\"><strong>Director of Treasury<\/strong><\/p><\/div><\/div><\/div>\n\n\n\n<div class=\"wp-block-etb-grid-item\"><div class=\"testimonial-header\"><div class=\"quote-icon\"><svg clip-rule=\"evenodd\" fill-rule=\"evenodd\" stroke-linejoin=\"round\" stroke-miterlimit=\"2\" viewBox=\"0 0 24 24\"><path d=\"m21.301 4c.411 0 .699.313.699.663 0 .248-.145.515-.497.702-1.788.948-3.858 4.226-3.858 6.248 3.016-.092 4.326 2.582 4.326 4.258 0 2.007-1.738 4.129-4.308 4.129-3.24 0-4.83-2.547-4.83-5.307 0-5.98 6.834-10.693 8.468-10.693zm-10.833 0c.41 0 .699.313.699.663 0 .248-.145.515-.497.702-1.788.948-3.858 4.226-3.858 6.248 3.016-.092 4.326 2.582 4.326 4.258 0 2.007-1.739 4.129-4.308 4.129-3.241 0-4.83-2.547-4.83-5.307 0-5.98 6.833-10.693 8.468-10.693z\" fill-rule=\"nonzero\"><\/path><\/svg><\/div><\/div><p class=\"testimonial-message\">I have known and worked with Columban for over 20 years. I have always been impressed with his open mindedness and his willingness to continuously learn. When you couple that with his genuine interest in every person he interacts with, you come to a person you can count on and that can guide people and organizations through difficult tasks at hand and through a change management process.<\/p><div class=\"reviewer-info\"><div class=\"reviewer-photo\"><img decoding=\"async\" src=\"https:\/\/www.mentoris.dev\/wp-content\/uploads\/2025\/09\/IMG_0524-scaled.jpg\" alt=\"<strong&gt;<strong&gt;Wim Dootselaere, <\/strong&gt;<\/strong&gt;\"\/><\/div><div class=\"reviewer-info-content\"><h4 class=\"reviewer-name\"><strong><strong>Wim Dootselaere, <\/strong><\/strong><\/h4><p class=\"reviewer-title\"><strong><strong><strong>Marketing Manager<\/strong><\/strong><\/strong><\/p><p class=\"reviewer-company\"><strong><strong><strong>Paper Industry<\/strong><\/strong><\/strong><\/p><\/div><\/div><\/div>\n\n\n\n<div class=\"wp-block-etb-grid-item\"><div class=\"testimonial-header\"><div class=\"quote-icon\"><svg clip-rule=\"evenodd\" fill-rule=\"evenodd\" stroke-linejoin=\"round\" stroke-miterlimit=\"2\" viewBox=\"0 0 24 24\"><path d=\"m21.301 4c.411 0 .699.313.699.663 0 .248-.145.515-.497.702-1.788.948-3.858 4.226-3.858 6.248 3.016-.092 4.326 2.582 4.326 4.258 0 2.007-1.738 4.129-4.308 4.129-3.24 0-4.83-2.547-4.83-5.307 0-5.98 6.834-10.693 8.468-10.693zm-10.833 0c.41 0 .699.313.699.663 0 .248-.145.515-.497.702-1.788.948-3.858 4.226-3.858 6.248 3.016-.092 4.326 2.582 4.326 4.258 0 2.007-1.739 4.129-4.308 4.129-3.241 0-4.83-2.547-4.83-5.307 0-5.98 6.833-10.693 8.468-10.693z\" fill-rule=\"nonzero\"><\/path><\/svg><\/div><\/div><p class=\"testimonial-message\">Columban has impressed me for many years in a wide variety of roles. His ability to move effortlessly in a multicultural environment seems to me to be outstanding. Columban masters coaching, mentoring and all aspects of change management alongside the usual challenges of a commercial lead. His ability to be relaxed, friendly and focused in any situation has always inspired me. For me, the range that Columban covers is unique.<\/p><div class=\"reviewer-info\"><div class=\"reviewer-photo\"><img decoding=\"async\" src=\"https:\/\/www.mentoris.dev\/wp-content\/uploads\/2025\/09\/IMG_0524-scaled.jpg\" alt=\"<strong&gt;<strong&gt;<strong&gt;Mathias Reich <\/strong&gt;<\/strong&gt;<\/strong&gt;\"\/><\/div><div class=\"reviewer-info-content\"><h4 class=\"reviewer-name\"><strong><strong><strong>Mathias Reich <\/strong><\/strong><\/strong><\/h4><p class=\"reviewer-title\"><strong><strong><strong><strong><strong><strong>Director of Sales<\/strong><\/strong><\/strong><\/strong><\/strong><\/strong><\/p><p class=\"reviewer-company\"><strong><strong><strong><strong><strong><strong>Paper industry<\/strong><\/strong><\/strong><\/strong><\/strong><\/strong><\/p><\/div><\/div><\/div>\n\n\n\n<div class=\"wp-block-etb-grid-item\"><div class=\"testimonial-header\"><div class=\"quote-icon\"><svg clip-rule=\"evenodd\" fill-rule=\"evenodd\" stroke-linejoin=\"round\" stroke-miterlimit=\"2\" viewBox=\"0 0 24 24\"><path d=\"m21.301 4c.411 0 .699.313.699.663 0 .248-.145.515-.497.702-1.788.948-3.858 4.226-3.858 6.248 3.016-.092 4.326 2.582 4.326 4.258 0 2.007-1.738 4.129-4.308 4.129-3.24 0-4.83-2.547-4.83-5.307 0-5.98 6.834-10.693 8.468-10.693zm-10.833 0c.41 0 .699.313.699.663 0 .248-.145.515-.497.702-1.788.948-3.858 4.226-3.858 6.248 3.016-.092 4.326 2.582 4.326 4.258 0 2.007-1.739 4.129-4.308 4.129-3.241 0-4.83-2.547-4.83-5.307 0-5.98 6.833-10.693 8.468-10.693z\" fill-rule=\"nonzero\"><\/path><\/svg><\/div><\/div><p class=\"testimonial-message\">Columban m&#8217;a accompagn\u00e9 en 2015 durant quelques mois dans le cadre du &#8220;Mentoring Excellence Program&#8221; d\u00e9velopp\u00e9 chez International Paper, notamment sur la partie manag\u00e9riale et la gestion d&#8217;\u00e9quipe. Columban est une personne tr\u00e8s \u00e0 l&#8217;\u00e9coute qui a facilement pu me guider et me d\u00e9velopper sur ces sujets gr\u00e2ce \u00e0 multiples exemples tir\u00e9s de son exp\u00e9rience personnelle. Cela a \u00e9t\u00e9 un tr\u00e8s bon moment de partage, une belle parenth\u00e8se apr\u00e8s des ann\u00e9es de collaboration. Je ne saurai que recommander Columban pour ses qualit\u00e9s humaines et ses comp\u00e9tences de Mentor.<\/p><div class=\"reviewer-info\"><div class=\"reviewer-photo\"><img decoding=\"async\" src=\"https:\/\/www.mentoris.dev\/wp-content\/uploads\/2025\/09\/IMG_0524-scaled.jpg\" alt=\"<strong&gt;<strong&gt;<strong&gt;<strong&gt;Xavier Mensan<\/strong&gt;<\/strong&gt;<\/strong&gt;<\/strong&gt;\"\/><\/div><div class=\"reviewer-info-content\"><h4 class=\"reviewer-name\"><strong><strong><strong><strong>Xavier Mensan<\/strong><\/strong><\/strong><\/strong><\/h4><p class=\"reviewer-title\"><strong><strong><strong><strong><strong><strong><strong><strong><strong><strong>Supply Chain Planning Manager<\/strong><\/strong><\/strong><\/strong><\/strong><\/strong><\/strong><\/strong><\/strong><\/strong><\/p><p class=\"reviewer-company\"><strong><strong><strong><strong><strong><strong><strong><strong><strong><strong>Sylvamo<\/strong><\/strong><\/strong><\/strong><\/strong><\/strong><\/strong><\/strong><\/strong><\/strong><\/p><\/div><\/div><\/div>\n\n\n\n<div class=\"wp-block-etb-grid-item\"><div class=\"testimonial-header\"><div class=\"quote-icon\"><svg clip-rule=\"evenodd\" fill-rule=\"evenodd\" stroke-linejoin=\"round\" stroke-miterlimit=\"2\" viewBox=\"0 0 24 24\"><path d=\"m21.301 4c.411 0 .699.313.699.663 0 .248-.145.515-.497.702-1.788.948-3.858 4.226-3.858 6.248 3.016-.092 4.326 2.582 4.326 4.258 0 2.007-1.738 4.129-4.308 4.129-3.24 0-4.83-2.547-4.83-5.307 0-5.98 6.834-10.693 8.468-10.693zm-10.833 0c.41 0 .699.313.699.663 0 .248-.145.515-.497.702-1.788.948-3.858 4.226-3.858 6.248 3.016-.092 4.326 2.582 4.326 4.258 0 2.007-1.739 4.129-4.308 4.129-3.241 0-4.83-2.547-4.83-5.307 0-5.98 6.833-10.693 8.468-10.693z\" fill-rule=\"nonzero\"><\/path><\/svg><\/div><\/div><p class=\"testimonial-message\">Columban est un professionnel engag\u00e9 avec qui j&#8217;ai eu un immense plaisir \u00e0 \u00e9changer d\u00e8s notre premi\u00e8re rencontre. il m&#8217;a vite impressionn\u00e9e par son intelligence et son parcours tr\u00e8s international. Nos \u00e9changes ont toujours \u00e9t\u00e9 cordiaux et tr\u00e8s chaleureux, tr\u00e8s constructifs avec des objectifs clairs \u00e0 la recherche constante d&#8217;une collaboration fructueuse pour toutes les parties prenantes. Il accorde beaucoup d&#8217;importance \u00e0 la qualit\u00e9 de la relation et de la collaboration. C&#8217;est un r\u00e9el bonheur de travailler avec lui, toujours accueillant, agr\u00e9able et joyeux. Il d\u00e9gage beaucoup d&#8217;\u00e9nergie, de positivisme. Il est anim\u00e9 par une volont\u00e9 forte et sinc\u00e8re d&#8217;aider les individus et de contribuer \u00e0 leurs progr\u00e8s et \u00e0 leur d\u00e9veloppement professionnel. Columban m&#8217;a beaucoup aid\u00e9e et conseill\u00e9e et accompagn\u00e9e et encourag\u00e9e dans les challenges. Un grand merci Columban. Tu es un mentor de mani\u00e8re inn\u00e9e. Nul doute.<\/p><div class=\"reviewer-info\"><div class=\"reviewer-photo\"><img decoding=\"async\" src=\"https:\/\/www.mentoris.dev\/wp-content\/uploads\/2025\/09\/IMG_0524-scaled.jpg\" alt=\"<strong&gt;<strong&gt;<strong&gt;<strong&gt;<strong&gt;Sophie Toumieux, <\/strong&gt;<\/strong&gt;<\/strong&gt;<\/strong&gt;<\/strong&gt;\"\/><\/div><div class=\"reviewer-info-content\"><h4 class=\"reviewer-name\"><strong><strong><strong><strong><strong>Sophie Toumieux, <\/strong><\/strong><\/strong><\/strong><\/strong><\/h4><p class=\"reviewer-title\"><strong><strong><strong><strong><strong><strong><strong><strong><strong><strong><strong><strong><strong><strong><strong>Business Coach &amp; Srategic Advisor for Executive Leaders<\/strong><\/strong><\/strong><\/strong><\/strong><\/strong><\/strong><\/strong><\/strong><\/strong><\/strong><\/strong><\/strong><\/strong><\/strong><\/p><\/div><\/div><\/div>\n\n\n\n<div class=\"wp-block-etb-grid-item\"><div class=\"testimonial-header\"><div class=\"quote-icon\"><svg clip-rule=\"evenodd\" fill-rule=\"evenodd\" stroke-linejoin=\"round\" stroke-miterlimit=\"2\" viewBox=\"0 0 24 24\"><path d=\"m21.301 4c.411 0 .699.313.699.663 0 .248-.145.515-.497.702-1.788.948-3.858 4.226-3.858 6.248 3.016-.092 4.326 2.582 4.326 4.258 0 2.007-1.738 4.129-4.308 4.129-3.24 0-4.83-2.547-4.83-5.307 0-5.98 6.834-10.693 8.468-10.693zm-10.833 0c.41 0 .699.313.699.663 0 .248-.145.515-.497.702-1.788.948-3.858 4.226-3.858 6.248 3.016-.092 4.326 2.582 4.326 4.258 0 2.007-1.739 4.129-4.308 4.129-3.241 0-4.83-2.547-4.83-5.307 0-5.98 6.833-10.693 8.468-10.693z\" fill-rule=\"nonzero\"><\/path><\/svg><\/div><\/div><p class=\"testimonial-message\">J\u2019ai \u00e9t\u00e9 sous la responsabilit\u00e9 de Columban pendant pr\u00e8s de 3 ans. A l\u2019\u00e9coute, il saura toujours se rendre disponible.<br>Bienveillant et motivant, c\u2019est pour lui une grande satisfaction que de voir ses \u00e9quipes \u00e9voluer et prendre leur autonomie.<br>Son perfectionnisme et sa grande capacit\u00e9 d\u2019analyse vous pousseront \u00e0 vous d\u00e9passer.<br>Rencontrez-le!<\/p><div class=\"reviewer-info\"><div class=\"reviewer-photo\"><img decoding=\"async\" src=\"https:\/\/www.mentoris.dev\/wp-content\/uploads\/2025\/09\/IMG_0524-scaled.jpg\" alt=\"<strong&gt;<strong&gt;<strong&gt;<strong&gt;<strong&gt;<strong&gt;Angela Belhadj <\/strong&gt;<\/strong&gt;<\/strong&gt;<\/strong&gt;<\/strong&gt;<\/strong&gt;\"\/><\/div><div class=\"reviewer-info-content\"><h4 class=\"reviewer-name\"><strong><strong><strong><strong><strong><strong>Angela Belhadj <\/strong><\/strong><\/strong><\/strong><\/strong><\/strong><\/h4><p class=\"reviewer-title\"><strong><strong><strong><strong><strong><strong><strong><strong><strong><strong><strong><strong><strong><strong><strong><strong><strong><strong><strong><strong><strong>Country Manager<\/strong><\/strong><\/strong><\/strong><\/strong><\/strong><\/strong><\/strong><\/strong><\/strong><\/strong><\/strong><\/strong><\/strong><\/strong><\/strong><\/strong><\/strong><\/strong><\/strong><\/strong><\/p><p class=\"reviewer-company\"><strong><strong><strong><strong><strong><strong>Sylvamo, Paper Industry<\/strong><\/strong><\/strong><\/strong><\/strong><\/strong><\/p><\/div><\/div><\/div>\n\n\n\n<div class=\"wp-block-etb-grid-item\"><div class=\"testimonial-header\"><div class=\"quote-icon\"><svg clip-rule=\"evenodd\" fill-rule=\"evenodd\" stroke-linejoin=\"round\" stroke-miterlimit=\"2\" viewBox=\"0 0 24 24\"><path d=\"m21.301 4c.411 0 .699.313.699.663 0 .248-.145.515-.497.702-1.788.948-3.858 4.226-3.858 6.248 3.016-.092 4.326 2.582 4.326 4.258 0 2.007-1.738 4.129-4.308 4.129-3.24 0-4.83-2.547-4.83-5.307 0-5.98 6.834-10.693 8.468-10.693zm-10.833 0c.41 0 .699.313.699.663 0 .248-.145.515-.497.702-1.788.948-3.858 4.226-3.858 6.248 3.016-.092 4.326 2.582 4.326 4.258 0 2.007-1.739 4.129-4.308 4.129-3.241 0-4.83-2.547-4.83-5.307 0-5.98 6.833-10.693 8.468-10.693z\" fill-rule=\"nonzero\"><\/path><\/svg><\/div><\/div><p class=\"testimonial-message\">Don\u2019t miss this terrific opportunity to work with Columban !!!<br>I had the great pleasure of working with him on a daily basis during seven years, when he was Export Sales Manager for Western Europe for a major paper company, and I was Divisional Controller. In addition to his obvious technical competencies and his mastering of numerous European languages, he possesses excellent soft skills, capable of working effectively over the long term with people of widely different profiles ranging from strict controllers to highly-creative marketing specialists. I especially appreciated his exceptional sense of humour, which he is capable of maintaining even in crisis situations where all around him are in panic mode.<br>I wholeheartedly recommend Columban for an activity of multicultural mentoring or interim manager.<\/p><div class=\"reviewer-info\"><div class=\"reviewer-photo\"><img decoding=\"async\" src=\"https:\/\/www.mentoris.dev\/wp-content\/uploads\/2025\/09\/IMG_0524-scaled.jpg\" alt=\"<strong&gt;<strong&gt;<strong&gt;<strong&gt;<strong&gt;<strong&gt;<strong&gt;Kenneth Church, <\/strong&gt;<\/strong&gt;<\/strong&gt;<\/strong&gt;<\/strong&gt;<\/strong&gt;<\/strong&gt;\"\/><\/div><div class=\"reviewer-info-content\"><h4 class=\"reviewer-name\"><strong><strong><strong><strong><strong><strong><strong>Kenneth Church, <\/strong><\/strong><\/strong><\/strong><\/strong><\/strong><\/strong><\/h4><p class=\"reviewer-title\"><strong><strong><strong><strong><strong><strong><strong><strong><strong><strong><strong><strong><strong><strong><strong><strong><strong><strong><strong><strong><strong><strong><strong><strong><strong><strong><strong><strong>Financial Controller<\/strong><\/strong><\/strong><\/strong><\/strong><\/strong><\/strong><\/strong><\/strong><\/strong><\/strong><\/strong><\/strong><\/strong><\/strong><\/strong><\/strong><\/strong><\/strong><\/strong><\/strong><\/strong><\/strong><\/strong><\/strong><\/strong><\/strong><\/strong><\/p><\/div><\/div><\/div>\n\n\n\n<div class=\"wp-block-etb-grid-item\"><div class=\"testimonial-header\"><div class=\"quote-icon\"><svg clip-rule=\"evenodd\" fill-rule=\"evenodd\" stroke-linejoin=\"round\" stroke-miterlimit=\"2\" viewBox=\"0 0 24 24\"><path d=\"m21.301 4c.411 0 .699.313.699.663 0 .248-.145.515-.497.702-1.788.948-3.858 4.226-3.858 6.248 3.016-.092 4.326 2.582 4.326 4.258 0 2.007-1.738 4.129-4.308 4.129-3.24 0-4.83-2.547-4.83-5.307 0-5.98 6.834-10.693 8.468-10.693zm-10.833 0c.41 0 .699.313.699.663 0 .248-.145.515-.497.702-1.788.948-3.858 4.226-3.858 6.248 3.016-.092 4.326 2.582 4.326 4.258 0 2.007-1.739 4.129-4.308 4.129-3.241 0-4.83-2.547-4.83-5.307 0-5.98 6.833-10.693 8.468-10.693z\" fill-rule=\"nonzero\"><\/path><\/svg><\/div><\/div><p class=\"testimonial-message\">Columban is an intelligent, highly intuitive, multi lingual, results orientated &#8216;Sales Director&#8217; with over 35 years\u2019 experience of recruiting, managing, mentoring and developing successful sales team within the paper industry selling into a wide variety of commercial and retail markets.<br><br>Columban is highly skilled in creating and implementing sales strategies and performance management systems that focus on consistent organic growth, all executed with sound judgement.<br><br>These skills combined with fabulous intuitive people skills make Columban a truly great Leader in any commercial capacity. A man that people love to work with at every level within an organisation.<\/p><div class=\"reviewer-info\"><div class=\"reviewer-photo\"><img decoding=\"async\" src=\"https:\/\/www.mentoris.dev\/wp-content\/uploads\/2025\/09\/IMG_0524-scaled.jpg\" alt=\"<strong&gt;<strong&gt;<strong&gt;<strong&gt;<strong&gt;<strong&gt;<strong&gt;<strong&gt;Adam Gadenne<\/strong&gt;<\/strong&gt;<\/strong&gt;<\/strong&gt;<\/strong&gt;<\/strong&gt;<\/strong&gt;<\/strong&gt;\"\/><\/div><div class=\"reviewer-info-content\"><h4 class=\"reviewer-name\"><strong><strong><strong><strong><strong><strong><strong><strong>Adam Gadenne<\/strong><\/strong><\/strong><\/strong><\/strong><\/strong><\/strong><\/strong><\/h4><p class=\"reviewer-title\"><strong><strong><strong><strong><strong><strong><strong><strong><strong><strong><strong><strong><strong><strong><strong><strong><strong><strong><strong><strong><strong><strong><strong><strong><strong><strong><strong><strong><strong><strong><strong><strong><strong><strong><strong><strong>Specialist Recruiter, Headhunter and Executive Search Consultant<\/strong><\/strong><\/strong><\/strong><\/strong><\/strong><\/strong><\/strong><\/strong><\/strong><\/strong><\/strong><\/strong><\/strong><\/strong><\/strong><\/strong><\/strong><\/strong><\/strong><\/strong><\/strong><\/strong><\/strong><\/strong><\/strong><\/strong><\/strong><\/strong><\/strong><\/strong><\/strong><\/strong><\/strong><\/strong><\/strong><\/p><\/div><\/div><\/div>\n\n\n\n<div class=\"wp-block-etb-grid-item\"><div class=\"testimonial-header\"><div class=\"quote-icon\"><svg clip-rule=\"evenodd\" fill-rule=\"evenodd\" stroke-linejoin=\"round\" stroke-miterlimit=\"2\" viewBox=\"0 0 24 24\"><path d=\"m21.301 4c.411 0 .699.313.699.663 0 .248-.145.515-.497.702-1.788.948-3.858 4.226-3.858 6.248 3.016-.092 4.326 2.582 4.326 4.258 0 2.007-1.738 4.129-4.308 4.129-3.24 0-4.83-2.547-4.83-5.307 0-5.98 6.834-10.693 8.468-10.693zm-10.833 0c.41 0 .699.313.699.663 0 .248-.145.515-.497.702-1.788.948-3.858 4.226-3.858 6.248 3.016-.092 4.326 2.582 4.326 4.258 0 2.007-1.739 4.129-4.308 4.129-3.241 0-4.83-2.547-4.83-5.307 0-5.98 6.833-10.693 8.468-10.693z\" fill-rule=\"nonzero\"><\/path><\/svg><\/div><\/div><p class=\"testimonial-message\">Es un placer recomendar a Columban, un profesional excepcional con amplia experiencia en organizaciones multiculturales. Su habilidad para comunicarse en m\u00faltiples idiomas y su alta empat\u00eda destacan en su trabajo diario. Columban tiene un profundo conocimiento en estrategia empresarial y demostr\u00f3 su capacidad al desarrollar y presentar un caso de estudio a mis estudiantes, despertando su curiosidad y comprensi\u00f3n de manera magistral.<br><br>Su capacidad para fomentar la comunicaci\u00f3n intercultural y su enfoque en la diversidad hacen de \u00e9l una valiosa adici\u00f3n a cualquier equipo. Recomiendo enf\u00e1ticamente a Columban para roles en management, coaching y liderazgo empresarial. Su combinaci\u00f3n de conocimientos empresariales y sensibilidad multicultural aporta un valor significativo a cualquier proyecto.<\/p><div class=\"reviewer-info\"><div class=\"reviewer-photo\"><img decoding=\"async\" src=\"https:\/\/www.mentoris.dev\/wp-content\/uploads\/2025\/09\/IMG_0524-scaled.jpg\" alt=\"<strong&gt;<strong&gt;<strong&gt;<strong&gt;<strong&gt;<strong&gt;<strong&gt;<strong&gt;<strong&gt;Eva Per<\/strong&gt;<\/strong&gt;<\/strong&gt;<\/strong&gt;ea<\/strong&gt;<\/strong&gt;<\/strong&gt;<\/strong&gt;<\/strong&gt;\"\/><\/div><div class=\"reviewer-info-content\"><h4 class=\"reviewer-name\"><strong><strong><strong><strong><strong><strong><strong><strong><strong>Eva Per<\/strong><\/strong><\/strong><\/strong>ea<\/strong><\/strong><\/strong><\/strong><\/strong><\/h4><p class=\"reviewer-title\"><strong><strong><strong><strong><strong><strong><strong><strong><strong><strong><strong><strong><strong><strong><strong><strong><strong><strong><strong><strong><strong><strong><strong><strong><strong><strong><strong><strong><strong><strong><strong><strong><strong><strong><strong><strong><strong>Professor in Strategic Management &amp; Entrepreneurship<\/strong><\/strong><\/strong><\/strong><\/strong><\/strong><\/strong><\/strong><\/strong><\/strong><\/strong><\/strong><\/strong><\/strong><\/strong><\/strong><\/strong><\/strong><\/strong><\/strong><\/strong><\/strong><\/strong><\/strong><\/strong><\/strong><\/strong><\/strong><\/strong><\/strong><\/strong><\/strong><\/strong><\/strong><\/strong><\/strong><\/strong><\/p><p class=\"reviewer-company\"><strong>UAO, Barcelona<\/strong><\/p><\/div><\/div><\/div>\n<\/div>\n\n\n\n<p><\/p>\n","protected":false},"excerpt":{"rendered":"","protected":false},"author":2,"featured_media":0,"parent":0,"menu_order":0,"comment_status":"closed","ping_status":"closed","template":"","meta":{"footnotes":""},"class_list":["post-565","page","type-page","status-publish","hentry"],"_links":{"self":[{"href":"https:\/\/www.mentoris.dev\/en\/wp-json\/wp\/v2\/pages\/565","targetHints":{"allow":["GET"]}}],"collection":[{"href":"https:\/\/www.mentoris.dev\/en\/wp-json\/wp\/v2\/pages"}],"about":[{"href":"https:\/\/www.mentoris.dev\/en\/wp-json\/wp\/v2\/types\/page"}],"author":[{"embeddable":true,"href":"https:\/\/www.mentoris.dev\/en\/wp-json\/wp\/v2\/users\/2"}],"replies":[{"embeddable":true,"href":"https:\/\/www.mentoris.dev\/en\/wp-json\/wp\/v2\/comments?post=565"}],"version-history":[{"count":3,"href":"https:\/\/www.mentoris.dev\/en\/wp-json\/wp\/v2\/pages\/565\/revisions"}],"predecessor-version":[{"id":724,"href":"https:\/\/www.mentoris.dev\/en\/wp-json\/wp\/v2\/pages\/565\/revisions\/724"}],"wp:attachment":[{"href":"https:\/\/www.mentoris.dev\/en\/wp-json\/wp\/v2\/media?parent=565"}],"curies":[{"name":"wp","href":"https:\/\/api.w.org\/{rel}","templated":true}]}}