{"id":404,"date":"2025-09-17T11:33:55","date_gmt":"2025-09-17T09:33:55","guid":{"rendered":"https:\/\/www.mentoris.dev\/inicio\/"},"modified":"2025-09-26T16:47:19","modified_gmt":"2025-09-26T14:47:19","slug":"inicio","status":"publish","type":"page","link":"https:\/\/www.mentoris.dev\/es\/","title":{"rendered":"Inicio"},"content":{"rendered":"\n<div class=\"wp-block-cover alignfull is-light has-custom-blanc-color has-text-color has-link-color wp-elements-759c7318c6ad43a884a2834f1e54e8b9 wp-duotone-unset-1\" style=\"min-height:617px;aspect-ratio:unset;\"><video class=\"wp-block-cover__video-background intrinsic-ignore\" autoplay muted loop playsinline src=\"https:\/\/www.mentoris.dev\/wp-content\/uploads\/2025\/09\/099b97f0-e44e-41d0-8c00-7e37837593d3.mp4\" data-object-fit=\"cover\"><\/video><span aria-hidden=\"true\" class=\"wp-block-cover__background has-background-dim-10 has-background-dim\" style=\"background-color:#FFF\"><\/span><div class=\"wp-block-cover__inner-container has-global-padding is-layout-constrained wp-container-core-cover-is-layout-71292d73 wp-block-cover-is-layout-constrained\">\n<h2 class=\"wp-block-heading has-text-align-left has-custom-blanc-color has-text-color has-link-color has-x-large-font-size wp-elements-1abb3afe3bfa47ebd3c089917d6c94e5\"><strong>Ayudar a los equipos a crecer m\u00e1s fuertes, juntos.<\/strong><\/h2>\n\n\n\n<p class=\"has-text-align-left\">Sesiones individuales dise\u00f1adas para acompa\u00f1ar transiciones de carrera, retos de liderazgo y din\u00e1micas interpersonales.<\/p>\n\n\n\n<div class=\"wp-block-buttons is-content-justification-left is-layout-flex wp-container-core-buttons-is-layout-fc4fd283 wp-block-buttons-is-layout-flex\">\n<div class=\"wp-block-button\"><a class=\"wp-block-button__link has-custom-blanc-color has-text-color has-link-color wp-element-button\" href=\"https:\/\/www.mentoris.dev\/es\/quien-soy\/\"><strong>M<\/strong>\u00e1s de Mentoris<\/a><\/div>\n<\/div>\n<\/div><\/div>\n\n\n\n<div class=\"wp-block-columns alignwide is-layout-flex wp-container-core-columns-is-layout-eae17e81 wp-block-columns-is-layout-flex\" style=\"margin-top:var(--wp--preset--spacing--70);margin-bottom:var(--wp--preset--spacing--70)\">\n<div class=\"wp-block-column has-custom-blanc-color has-custom-noir-background-color has-text-color has-background has-link-color wp-elements-41eca5407e09e830a2d244a75c61ecc3 is-layout-flow wp-block-column-is-layout-flow\" style=\"border-radius:32px;padding-top:var(--wp--preset--spacing--40);padding-right:var(--wp--preset--spacing--40);padding-bottom:var(--wp--preset--spacing--40);padding-left:var(--wp--preset--spacing--40)\">\n<h2 class=\"wp-block-heading has-text-align-center has-base-color has-text-color has-link-color wp-elements-758edb407da1dfd63882169859c85edb\" style=\"border-radius:32px\">Mentoring<\/h2>\n\n\n\n<div style=\"height:30px\" aria-hidden=\"true\" class=\"wp-block-spacer\"><\/div>\n\n\n\n<p>Ya sea que est\u00e9s creciendo en tu carrera o atravesando un momento dif\u00edcil, estamos aqu\u00ed para ayudarte a avanzar\u2014con claridad, confianza y cuidado.<\/p>\n\n\n\n<div style=\"height:109px\" aria-hidden=\"true\" class=\"wp-block-spacer\"><\/div>\n\n\n\n<div class=\"wp-block-buttons is-content-justification-center is-layout-flex wp-container-core-buttons-is-layout-a89b3969 wp-block-buttons-is-layout-flex\">\n<div class=\"wp-block-button\"><a class=\"wp-block-button__link has-custom-noir-color has-custom-blanc-background-color has-text-color has-background has-link-color has-text-align-center wp-element-button\" href=\"https:\/\/www.mentoris.dev\/es\/mentoring\/\">M\u00e1s de mentoring<\/a><\/div>\n<\/div>\n<\/div>\n\n\n\n<div class=\"wp-block-column has-border-color has-custom-noir-border-color has-custom-noir-color has-text-color has-link-color wp-elements-b43c590c53e8a9c5e51898a2dad8f149 is-layout-flow wp-block-column-is-layout-flow\" style=\"border-width:1px;border-radius:32px;padding-top:var(--wp--preset--spacing--40);padding-right:var(--wp--preset--spacing--40);padding-bottom:var(--wp--preset--spacing--40);padding-left:var(--wp--preset--spacing--40)\">\n<h2 class=\"wp-block-heading has-text-align-center has-custom-noir-color has-text-color has-link-color wp-elements-95338b6aa94055c8bf37f8d40a03b4c0\" style=\"border-radius:32px\">Team building<\/h2>\n\n\n\n<div style=\"height:30px\" aria-hidden=\"true\" class=\"wp-block-spacer\"><\/div>\n\n\n\n<p>Nuestro entorno \u00fanico\u2014<strong>remo en asiento fijo<\/strong>\u2014refleja las din\u00e1micas reales de un equipo de trabajo. En el agua, los participantes practican la escucha activa, la coordinaci\u00f3n, el respeto, la confianza y la gesti\u00f3n del feedback en un entorno seguro y potente.<\/p>\n\n\n\n<div style=\"height:30px\" aria-hidden=\"true\" class=\"wp-block-spacer\"><\/div>\n\n\n\n<div class=\"wp-block-buttons is-content-justification-center is-layout-flex wp-container-core-buttons-is-layout-a89b3969 wp-block-buttons-is-layout-flex\">\n<div class=\"wp-block-button\"><a class=\"wp-block-button__link wp-element-button\" href=\"https:\/\/www.mentoris.dev\/es\/team-building\/\">M\u00e1s de Team Building<\/a><\/div>\n<\/div>\n<\/div>\n<\/div>\n","protected":false},"excerpt":{"rendered":"<p>Mentoring Ya sea que est\u00e9s creciendo en tu carrera o atravesando un momento dif\u00edcil, estamos aqu\u00ed para ayudarte a avanzar\u2014con claridad, confianza y cuidado. Team building Nuestro entorno \u00fanico\u2014remo en asiento fijo\u2014refleja las din\u00e1micas reales de un equipo de trabajo. En el agua, los participantes practican la escucha activa, la coordinaci\u00f3n, el respeto, la confianza [&hellip;]<\/p>\n","protected":false},"author":2,"featured_media":0,"parent":0,"menu_order":0,"comment_status":"closed","ping_status":"closed","template":"page-no-title","meta":{"footnotes":""},"class_list":["post-404","page","type-page","status-publish","hentry"],"_links":{"self":[{"href":"https:\/\/www.mentoris.dev\/es\/wp-json\/wp\/v2\/pages\/404","targetHints":{"allow":["GET"]}}],"collection":[{"href":"https:\/\/www.mentoris.dev\/es\/wp-json\/wp\/v2\/pages"}],"about":[{"href":"https:\/\/www.mentoris.dev\/es\/wp-json\/wp\/v2\/types\/page"}],"author":[{"embeddable":true,"href":"https:\/\/www.mentoris.dev\/es\/wp-json\/wp\/v2\/users\/2"}],"replies":[{"embeddable":true,"href":"https:\/\/www.mentoris.dev\/es\/wp-json\/wp\/v2\/comments?post=404"}],"version-history":[{"count":16,"href":"https:\/\/www.mentoris.dev\/es\/wp-json\/wp\/v2\/pages\/404\/revisions"}],"predecessor-version":[{"id":809,"href":"https:\/\/www.mentoris.dev\/es\/wp-json\/wp\/v2\/pages\/404\/revisions\/809"}],"wp:attachment":[{"href":"https:\/\/www.mentoris.dev\/es\/wp-json\/wp\/v2\/media?parent=404"}],"curies":[{"name":"wp","href":"https:\/\/api.w.org\/{rel}","templated":true}]}}