{"id":411,"date":"2025-09-17T10:07:33","date_gmt":"2025-09-17T08:07:33","guid":{"rendered":"https:\/\/www.mentoris.dev\/mentoring\/"},"modified":"2025-09-28T17:09:29","modified_gmt":"2025-09-28T15:09:29","slug":"mentoring","status":"publish","type":"page","link":"https:\/\/www.mentoris.dev\/es\/mentoring\/","title":{"rendered":"Mentoring"},"content":{"rendered":"\n<h2 class=\"wp-block-heading\" style=\"margin-bottom:var(--wp--preset--spacing--60);font-size:clamp(1.743rem, 1.743rem + ((1vw - 0.2rem) * 1.972), 3rem);font-style:normal;font-weight:600\">\u00bfCoaching o Mentoring?<\/h2>\n\n\n\n<p class=\"has-custom-noir-color has-text-color has-link-color wp-elements-a73943c025e053424e68c0ead46cda81\">El coaching suele estar orientado al rendimiento: m\u00e9todos estructurados, metas definidas y plazos concretos.<\/p>\n\n\n\n<blockquote class=\"wp-block-quote alignwide has-text-align-center has-custom-blanc-background-color has-background is-layout-flow wp-container-core-quote-is-layout-76e94cb4 wp-block-quote-is-layout-flow\" style=\"margin-top:var(--wp--preset--spacing--50);margin-bottom:var(--wp--preset--spacing--50);padding-top:var(--wp--preset--spacing--50);padding-right:var(--wp--preset--spacing--60);padding-bottom:var(--wp--preset--spacing--50);padding-left:var(--wp--preset--spacing--60)\">\n<p class=\"has-custom-noir-color has-text-color has-link-color wp-elements-076bca60ac1df392c52969a35bc22c9e\" style=\"padding-right:var(--wp--preset--spacing--60);padding-left:var(--wp--preset--spacing--60);font-style:normal;font-weight:600\"><strong><strong>Pero si est\u00e1s en un momento clave de tu carrera\u2014empezando tu primer trabajo, asumiendo un nuevo rol, o enfrentando una situaci\u00f3n compleja con un colega, un manager o un colaborador\u2014lo que probablemente necesitas es mentoring.<\/strong><\/strong><\/p>\n\n\n\n<p class=\"has-custom-noir-color has-text-color has-link-color wp-elements-02befbd485c68dbc912853c4089b176c\" style=\"font-style:normal;font-weight:700\"><strong>Ah\u00ed es donde entra Mentoris.<\/strong><\/p>\n<\/blockquote>\n\n\n\n<p class=\"has-custom-noir-color has-text-color has-link-color wp-elements-7fe3820437c426b2b324dafc485e098d\">A trav\u00e9s de <mark style=\"background-color:rgba(0, 0, 0, 0)\" class=\"has-inline-color has-custom-vert-color\"><strong>sesiones presenciales u online,<\/strong><\/mark> ofrecemos un acompa\u00f1amiento pr\u00e1ctico y emp\u00e1tico, adaptado a tu realidad. Nuestra metodolog\u00eda es s\u00f3lida pero informal, <mark style=\"background-color:rgba(0, 0, 0, 0)\" class=\"has-inline-color has-custom-vert-color\"><strong>basada en la escucha profunda, la inteligencia emocional y una comprensi\u00f3n clara<\/strong><\/mark> de las din\u00e1micas profesionales.<\/p>\n\n\n\n<p class=\"has-custom-noir-color has-text-color has-link-color wp-elements-500932b167cced2e7facb3b229295875\">Ya sea que est\u00e9s creciendo en tu carrera o atravesando un momento dif\u00edcil, estamos aqu\u00ed para ayudarte a avanzar\u2014con claridad, confianza y cuidado.<\/p>\n\n\n\n<p><\/p>\n","protected":false},"excerpt":{"rendered":"<p>\u00bfCoaching o Mentoring? El coaching suele estar orientado al rendimiento: m\u00e9todos estructurados, metas definidas y plazos concretos. Pero si est\u00e1s en un momento clave de tu carrera\u2014empezando tu primer trabajo, asumiendo un nuevo rol, o enfrentando una situaci\u00f3n compleja con un colega, un manager o un colaborador\u2014lo que probablemente necesitas es mentoring. Ah\u00ed es donde [&hellip;]<\/p>\n","protected":false},"author":2,"featured_media":0,"parent":0,"menu_order":0,"comment_status":"closed","ping_status":"closed","template":"","meta":{"footnotes":""},"class_list":["post-411","page","type-page","status-publish","hentry"],"_links":{"self":[{"href":"https:\/\/www.mentoris.dev\/es\/wp-json\/wp\/v2\/pages\/411","targetHints":{"allow":["GET"]}}],"collection":[{"href":"https:\/\/www.mentoris.dev\/es\/wp-json\/wp\/v2\/pages"}],"about":[{"href":"https:\/\/www.mentoris.dev\/es\/wp-json\/wp\/v2\/types\/page"}],"author":[{"embeddable":true,"href":"https:\/\/www.mentoris.dev\/es\/wp-json\/wp\/v2\/users\/2"}],"replies":[{"embeddable":true,"href":"https:\/\/www.mentoris.dev\/es\/wp-json\/wp\/v2\/comments?post=411"}],"version-history":[{"count":10,"href":"https:\/\/www.mentoris.dev\/es\/wp-json\/wp\/v2\/pages\/411\/revisions"}],"predecessor-version":[{"id":820,"href":"https:\/\/www.mentoris.dev\/es\/wp-json\/wp\/v2\/pages\/411\/revisions\/820"}],"wp:attachment":[{"href":"https:\/\/www.mentoris.dev\/es\/wp-json\/wp\/v2\/media?parent=411"}],"curies":[{"name":"wp","href":"https:\/\/api.w.org\/{rel}","templated":true}]}}