{"id":421,"date":"2025-09-17T10:22:25","date_gmt":"2025-09-17T08:22:25","guid":{"rendered":"https:\/\/www.mentoris.dev\/quien-soy\/"},"modified":"2025-10-21T12:26:51","modified_gmt":"2025-10-21T10:26:51","slug":"quien-soy","status":"publish","type":"page","link":"https:\/\/www.mentoris.dev\/es\/quien-soy\/","title":{"rendered":"Columban Hurley"},"content":{"rendered":"\n<div class=\"wp-block-cover alignfull is-light has-contrast-color has-text-color has-link-color wp-elements-c50778e2c2fd40181183fd6af6e4aa8f\" style=\"margin-top:var(--wp--preset--spacing--60);margin-bottom:var(--wp--preset--spacing--60);padding-top:var(--wp--preset--spacing--60);padding-right:var(--wp--preset--spacing--50);padding-bottom:var(--wp--preset--spacing--60);padding-left:var(--wp--preset--spacing--50);min-height:674px;aspect-ratio:unset;\"><span aria-hidden=\"true\" class=\"wp-block-cover__background has-base-background-color has-background-dim-100 has-background-dim\"><\/span><div class=\"wp-block-cover__inner-container has-global-padding is-layout-constrained wp-container-core-cover-is-layout-6b96ac1e wp-block-cover-is-layout-constrained\">\n<div class=\"wp-block-columns alignwide is-layout-flex wp-container-core-columns-is-layout-7ee84d44 wp-block-columns-is-layout-flex\">\n<div class=\"wp-block-column is-vertically-aligned-stretch is-layout-flow wp-block-column-is-layout-flow\" style=\"flex-basis:65%\"><h1 class=\"has-link-color wp-elements-650f672aa9c04f2dc09873877670c66e wp-block-post-title has-text-color has-custom-vert-color\">Columban Hurley<\/h1>\n\n\n<div class=\"wp-block-group is-vertical is-content-justification-stretch is-layout-flex wp-container-core-group-is-layout-353c4f5a wp-block-group-is-layout-flex\">\n<div style=\"height:48px\" aria-hidden=\"true\" class=\"wp-block-spacer wp-container-content-c795c25f\"><\/div>\n\n\n\n<p><strong>Con base en Barcelona, aporto cuatro d\u00e9cadas de experiencia internacional liderando equipos multiculturales en corporaciones globales.<\/strong> \u00bfMi motor? Ayudar a las personas a crecer. Ya sea guiando a individuos o impulsando equipos, he encontrado mi punto fuerte en desbloquear el potencial humano, y ah\u00ed es donde m\u00e1s impacto he generado.<\/p>\n\n\n\n<p>He vivido en siete pa\u00edses y hablo varios idiomas, lo que me permite moverme con soltura entre matices culturales. Esta sensibilidad me ayuda a apoyar a los equipos no solo en lo que hacen, sino en c\u00f3mo se conectan, colaboran y prosperan.<\/p>\n\n\n\n<p><strong>El \u00e9xito o fracaso de una empresa depende de las personas. <\/strong>Buenas din\u00e1micas, las competencias adecuadas, individuos empoderados\u2014son los pilares del \u00e9xito. Tras 35 a\u00f1os en gesti\u00f3n de personas, he mentorizado a numerosos profesionales, tanto en programas formales como en el d\u00eda a d\u00eda, siempre con un objetivo: mejorar el rendimiento a trav\u00e9s de una comprensi\u00f3n m\u00e1s profunda.<\/p>\n\n\n\n<p>Y los resultados lo demuestran:<\/p>\n\n\n\n<ul class=\"wp-block-list\">\n<li> Promociones internas que evitan costes<\/li>\n\n\n\n<li>Equipos motivados que rinden m\u00e1s<\/li>\n\n\n\n<li>Mayor agilidad y rapidez en la implementaci\u00f3n<\/li>\n\n\n\n<li>Culturas que fomentan la innovaci\u00f3n<\/li>\n<\/ul>\n\n\n\n<p>Hace seis a\u00f1os, me sub\u00ed a una embarcaci\u00f3n de remo fijo\u2026 y tuve una revelaci\u00f3n. Con cada palada, ve\u00eda el reflejo perfecto de un equipo en acci\u00f3n: coordinaci\u00f3n, confianza, esfuerzo compartido. Las mismas habilidades, las mismas din\u00e1micas. As\u00ed naci\u00f3 la idea de crear las sesiones de desarrollo que hoy ofrezco con Mentoris.<\/p>\n\n\n\n<p>En <strong>Mentoris<\/strong>, ayudamos a organizaciones e individuos a afrontar los retos\u2014mejorando la eficiencia, las competencias y el bienestar de los equipos. A trav\u00e9s del mentoring individual o del \u00abteam building\u00bb, convertimos a las personas en su mayor activo.<\/p>\n<\/div>\n<\/div>\n\n\n\n<div class=\"wp-block-column is-vertically-aligned-center is-layout-flow wp-block-column-is-layout-flow\" style=\"flex-basis:45%\">\n<figure class=\"wp-block-image aligncenter size-full is-resized has-custom-border\"><img loading=\"lazy\" decoding=\"async\" width=\"410\" height=\"572\" src=\"https:\/\/www.mentoris.dev\/wp-content\/uploads\/2025\/09\/mentoris-3.jpg\" alt=\"\" class=\"wp-image-844\" style=\"border-radius:32px;object-fit:cover;width:293px;height:auto\" srcset=\"https:\/\/www.mentoris.dev\/wp-content\/uploads\/2025\/09\/mentoris-3.jpg 410w, https:\/\/www.mentoris.dev\/wp-content\/uploads\/2025\/09\/mentoris-3-215x300.jpg 215w\" sizes=\"auto, (max-width: 410px) 100vw, 410px\" \/><\/figure>\n<\/div>\n<\/div>\n<\/div><\/div>\n\n\n\n<blockquote class=\"wp-block-quote alignwide has-text-align-center has-custom-blanc-background-color has-background is-layout-flow wp-container-core-quote-is-layout-76e94cb4 wp-block-quote-is-layout-flow\" style=\"margin-top:var(--wp--preset--spacing--50);margin-bottom:var(--wp--preset--spacing--50);padding-top:var(--wp--preset--spacing--50);padding-right:var(--wp--preset--spacing--60);padding-bottom:var(--wp--preset--spacing--50);padding-left:var(--wp--preset--spacing--60)\">\n<p class=\"has-custom-noir-color has-text-color has-link-color wp-elements-a69e6ea0d8bbaf5c7465c8389ea5b05c\" style=\"padding-right:var(--wp--preset--spacing--60);padding-left:var(--wp--preset--spacing--60);font-style:normal;font-weight:600\"><strong>Como mentor, mi objetivo es claro: acompa\u00f1ar a otros en el descubrimiento de su potencial y ayudarles a recorrer el lado humano de la vida profesional con claridad y prop\u00f3sito.<\/strong><\/p>\n\n\n\n<div class=\"wp-block-buttons is-content-justification-center is-layout-flex wp-container-core-buttons-is-layout-a89b3969 wp-block-buttons-is-layout-flex\">\n<div class=\"wp-block-button blanc\"><a class=\"wp-block-button__link has-custom-vert-background-color has-background wp-element-button\" href=\"https:\/\/www.linkedin.com\/in\/columban-hurley-mentor-team-building\/\" target=\"_blank\" rel=\"noreferrer noopener\">Descubre mi perfil<\/a><\/div>\n<\/div>\n<\/blockquote>\n","protected":false},"excerpt":{"rendered":"","protected":false},"author":2,"featured_media":774,"parent":0,"menu_order":0,"comment_status":"closed","ping_status":"closed","template":"page-no-title","meta":{"footnotes":""},"class_list":["post-421","page","type-page","status-publish","has-post-thumbnail","hentry"],"_links":{"self":[{"href":"https:\/\/www.mentoris.dev\/es\/wp-json\/wp\/v2\/pages\/421","targetHints":{"allow":["GET"]}}],"collection":[{"href":"https:\/\/www.mentoris.dev\/es\/wp-json\/wp\/v2\/pages"}],"about":[{"href":"https:\/\/www.mentoris.dev\/es\/wp-json\/wp\/v2\/types\/page"}],"author":[{"embeddable":true,"href":"https:\/\/www.mentoris.dev\/es\/wp-json\/wp\/v2\/users\/2"}],"replies":[{"embeddable":true,"href":"https:\/\/www.mentoris.dev\/es\/wp-json\/wp\/v2\/comments?post=421"}],"version-history":[{"count":19,"href":"https:\/\/www.mentoris.dev\/es\/wp-json\/wp\/v2\/pages\/421\/revisions"}],"predecessor-version":[{"id":845,"href":"https:\/\/www.mentoris.dev\/es\/wp-json\/wp\/v2\/pages\/421\/revisions\/845"}],"wp:featuredmedia":[{"embeddable":true,"href":"https:\/\/www.mentoris.dev\/es\/wp-json\/wp\/v2\/media\/774"}],"wp:attachment":[{"href":"https:\/\/www.mentoris.dev\/es\/wp-json\/wp\/v2\/media?parent=421"}],"curies":[{"name":"wp","href":"https:\/\/api.w.org\/{rel}","templated":true}]}}