{"id":446,"date":"2025-09-17T10:10:04","date_gmt":"2025-09-17T08:10:04","guid":{"rendered":"https:\/\/www.mentoris.dev\/team-building\/"},"modified":"2025-10-21T12:33:42","modified_gmt":"2025-10-21T10:33:42","slug":"team-building","status":"publish","type":"page","link":"https:\/\/www.mentoris.dev\/es\/team-building\/","title":{"rendered":"Team building"},"content":{"rendered":"\n<h2 class=\"wp-block-heading\" style=\"margin-top:0px;margin-bottom:var(--wp--preset--spacing--60);font-size:clamp(1.743rem, 1.743rem + ((1vw - 0.2rem) * 1.972), 3rem);\"><\/h2>\n\n\n\n<div class=\"wp-block-columns is-layout-flex wp-container-core-columns-is-layout-28f84493 wp-block-columns-is-layout-flex\">\n<div class=\"wp-block-column is-layout-flow wp-block-column-is-layout-flow\" style=\"flex-basis:33.33%\">\n<figure class=\"wp-block-image size-full is-resized has-custom-border\"><img loading=\"lazy\" decoding=\"async\" width=\"1600\" height=\"1200\" src=\"https:\/\/www.mentoris.dev\/wp-content\/uploads\/2025\/10\/658FFA5D-51B1-4B94-91B7-2AB20CACF179.jpg\" alt=\"\" class=\"wp-image-850\" style=\"border-radius:32px;width:347px;height:auto\" srcset=\"https:\/\/www.mentoris.dev\/wp-content\/uploads\/2025\/10\/658FFA5D-51B1-4B94-91B7-2AB20CACF179.jpg 1600w, https:\/\/www.mentoris.dev\/wp-content\/uploads\/2025\/10\/658FFA5D-51B1-4B94-91B7-2AB20CACF179-300x225.jpg 300w, https:\/\/www.mentoris.dev\/wp-content\/uploads\/2025\/10\/658FFA5D-51B1-4B94-91B7-2AB20CACF179-1024x768.jpg 1024w, https:\/\/www.mentoris.dev\/wp-content\/uploads\/2025\/10\/658FFA5D-51B1-4B94-91B7-2AB20CACF179-768x576.jpg 768w, https:\/\/www.mentoris.dev\/wp-content\/uploads\/2025\/10\/658FFA5D-51B1-4B94-91B7-2AB20CACF179-1536x1152.jpg 1536w\" sizes=\"auto, (max-width: 1600px) 100vw, 1600px\" \/><\/figure>\n<\/div>\n\n\n\n<div class=\"wp-block-column is-layout-flow wp-block-column-is-layout-flow\" style=\"flex-basis:66.66%\">\n<p class=\"has-custom-noir-color has-text-color has-link-color wp-elements-2eb11c827512edff27b24c4e541e830b\">En Mentoris, hacemos las cosas de forma diferente<\/p>\n\n\n\n<p class=\"has-custom-noir-color has-text-color has-link-color wp-elements-cada0901010a33faa3b8f26259f60a15\">No organizamos eventos tradicionales para equipos o clientes. Dise\u00f1amos sesiones a medida centradas en desarrollar las habilidades interpersonales clave que hacen que los equipos funcionen de verdad.<\/p>\n\n\n\n<p class=\"has-custom-noir-color has-text-color has-link-color wp-elements-dd5b1c8e29ea7471958d6021ac9bc99f\">Junto con nuestros clientes, identificamos las necesidades espec\u00edficas del grupo y creamos cada experiencia en funci\u00f3n de ellas.<\/p>\n<\/div>\n<\/div>\n\n\n\n<div class=\"wp-block-columns alignwide is-layout-flex wp-container-core-columns-is-layout-263d0f49 wp-block-columns-is-layout-flex\" style=\"margin-top:var(--wp--preset--spacing--80);margin-bottom:var(--wp--preset--spacing--80)\">\n<div class=\"wp-block-column is-vertically-aligned-center is-layout-flow wp-block-column-is-layout-flow\" style=\"flex-basis:65%\">\n<div class=\"wp-block-group is-vertical is-content-justification-stretch is-layout-flex wp-container-core-group-is-layout-353c4f5a wp-block-group-is-layout-flex\">\n<p class=\"has-custom-noir-color has-text-color has-link-color has-medium-font-size wp-elements-1dd5d43ee63611ab629018dd682f6b87\">Nuestro entorno \u00fanico\u2014<strong><mark style=\"background-color:rgba(0, 0, 0, 0)\" class=\"has-inline-color has-custom-vert-color\">remo de banco fijo<\/mark><\/strong> \u2014refleja las din\u00e1micas reales de un equipo de trabajo. En el agua, los participantes practican la escucha activa, la coordinaci\u00f3n, el respeto, la confianza y la gesti\u00f3n del feedback en un entorno seguro y potente.<\/p>\n<\/div>\n<\/div>\n\n\n\n<div class=\"wp-block-column is-vertically-aligned-center is-layout-flow wp-block-column-is-layout-flow\" style=\"flex-basis:45%\">\n<figure class=\"wp-block-image size-full has-custom-border\"><img decoding=\"async\" src=\"https:\/\/www.mentoris.dev\/wp-content\/uploads\/2025\/09\/mentoris-6-scaled.jpeg\" alt=\"\" class=\"wp-image-750\" style=\"border-radius:32px;aspect-ratio:4\/3;object-fit:cover\"\/><\/figure>\n<\/div>\n<\/div>\n\n\n\n<p class=\"has-custom-noir-color has-text-color has-link-color wp-elements-0a52db2cc4fb7f6ec6a575d35d265cfc\">Combinado con momentos de reflexi\u00f3n en sala, este enfoque pr\u00e1ctico garantiza que los aprendizajes no solo se entiendan, sino que se vivan y se recuerden.<\/p>\n\n\n\n<p class=\"has-custom-noir-color has-text-color has-link-color wp-elements-a52d46e012032474166b0d5c7fba84ca\"><strong>Encantados de ayudar a los equipos a crecer m\u00e1s fuertes, juntos.<\/strong><\/p>\n\n\n\n<p class=\"has-custom-noir-color has-text-color has-link-color wp-elements-bb7418f8e5aeed99efef973dc726ea84\">#Mentor\u00eda #TeamBuilding #DesarrolloDeLiderazgo #MentalidadDeCrecimiento #CulturaLaboral<\/p>\n\n\n\n<h2 class=\"wp-block-heading\" style=\"margin-top:var(--wp--preset--spacing--60);margin-bottom:var(--wp--preset--spacing--60);font-size:clamp(1.743rem, 1.743rem + ((1vw - 0.2rem) * 1.972), 3rem);\">Team-Building para equipos directivos<\/h2>\n\n\n\n<div class=\"wp-block-columns is-layout-flex wp-container-core-columns-is-layout-28f84493 wp-block-columns-is-layout-flex\">\n<div class=\"wp-block-column is-layout-flow wp-block-column-is-layout-flow\" style=\"flex-basis:33.33%\">\n<figure class=\"wp-block-image size-large is-resized has-custom-border\"><img decoding=\"async\" src=\"https:\/\/www.mentoris.dev\/wp-content\/uploads\/2025\/09\/mentoris-7-768x1024.jpg\" alt=\"\" class=\"wp-image-751\" style=\"border-radius:32px;width:317px;height:auto\"\/><\/figure>\n<\/div>\n\n\n\n<div class=\"wp-block-column is-layout-flow wp-block-column-is-layout-flow\" style=\"flex-basis:66.66%\">\n<p class=\"has-custom-noir-color has-text-color has-link-color wp-elements-56bfa1bea1d4e790646deebf46424f56\">Nuestras sesiones de team-building est\u00e1n dise\u00f1adas para empresas internacionales que buscan potenciar sus equipos de management.<\/p>\n\n\n\n<p class=\"has-custom-noir-color has-text-color has-link-color wp-elements-ba1107f277bb51280dc0b1825b6d5731\">Trabajamos con grupos reducidos (de 6 a 8 personas), formados por l\u00edderes que desean:<\/p>\n\n\n\n<ul class=\"wp-block-list\">\n<li><strong>Reforzar la cohesi\u00f3n en equipos ya consolidados<\/strong><\/li>\n\n\n\n<li><strong>Integrar con \u00e9xito nuevos perfiles clave<\/strong><\/li>\n\n\n\n<li><strong>Resolver tensiones interpersonales o desaf\u00edos relacionales<\/strong><\/li>\n<\/ul>\n\n\n\n<p class=\"has-custom-noir-color has-text-color has-link-color wp-elements-8bab42a20300554a29dc1be1fb3f623f\">Impartidas en ingl\u00e9s, franc\u00e9s o espa\u00f1ol, nuestras sesiones combinan visi\u00f3n estrat\u00e9gica con experiencia pr\u00e1ctica\u2014creando un espacio real para la conexi\u00f3n, la confianza y la transformaci\u00f3n.<\/p>\n<\/div>\n<\/div>\n\n\n\n<h2 class=\"wp-block-heading\" style=\"margin-top:var(--wp--preset--spacing--60);margin-bottom:var(--wp--preset--spacing--60);font-size:clamp(1.743rem, 1.743rem + ((1vw - 0.2rem) * 1.972), 3rem);\">La actividad<\/h2>\n\n\n\n<h3 class=\"wp-block-heading has-custom-vert-color has-text-color has-link-color wp-elements-2eb27540352c7cb11ceeabce12583cb4\" style=\"margin-top:var(--wp--preset--spacing--50);margin-right:var(--wp--preset--spacing--50);margin-bottom:var(--wp--preset--spacing--50);margin-left:var(--wp--preset--spacing--50)\">El remo de banco fijo: una met\u00e1fora viva del trabajo en equipo<\/h3>\n\n\n\n<div class=\"wp-block-columns is-layout-flex wp-container-core-columns-is-layout-28f84493 wp-block-columns-is-layout-flex\">\n<div class=\"wp-block-column is-layout-flow wp-block-column-is-layout-flow\">\n<figure class=\"wp-block-image size-large is-resized has-custom-border\"><img decoding=\"async\" src=\"https:\/\/www.mentoris.dev\/wp-content\/uploads\/2025\/09\/IMG_2736-1024x768.jpeg\" alt=\"\" class=\"wp-image-752\" style=\"border-radius:32px;width:490px;height:auto\"\/><\/figure>\n<\/div>\n\n\n\n<div class=\"wp-block-column is-layout-flow wp-block-column-is-layout-flow\">\n<p class=\"has-custom-noir-color has-text-color has-link-color wp-elements-b9abbb8cf1c29d28c122008120565d81\">El remo de banco fijo es una analog\u00eda casi perfecta de las din\u00e1micas de equipo en el entorno laboral:<\/p>\n\n\n\n<ul class=\"wp-block-list has-custom-noir-color has-text-color has-link-color wp-elements-8b49968b0886162626a49a9a0b52d0c5\">\n<li> Todos contribuyen por igual\u2014nadie puede impulsar el barco en solitario. \u2022 El \u00e9xito depende del alineamiento\u2014cada remero debe sincronizar el ritmo, el tiempo y la direcci\u00f3n.  <\/li>\n\n\n\n<li>La comunicaci\u00f3n es clave\u2014las se\u00f1ales no verbales y la confianza impulsan el rendimiento. <\/li>\n\n\n\n<li>Los errores se sienten al instante\u2014como en cualquier equipo, un paso en falso afecta a todos.<\/li>\n<\/ul>\n<\/div>\n<\/div>\n\n\n\n<p class=\"has-custom-noir-color has-text-color has-link-color wp-elements-6fcedd547c90073da4b9500eb65f4fa0\">En resumen, en el remo de banco fijo, no se trata de fuerza individual, sino de fluidez colectiva. Por eso lo utilizamos en Mentoris: para que los equipos vivan en cuerpo y mente lo que significa colaborar de verdad. Y adem\u00e1s\u2026 \u00a1es divertido!<\/p>\n\n\n\n<h3 class=\"wp-block-heading has-custom-vert-color has-text-color has-link-color wp-elements-10cc624e7ce59a8334415c73740a4744\" style=\"margin-top:var(--wp--preset--spacing--50);margin-bottom:var(--wp--preset--spacing--50)\">Una experiencia transformadora en tres fases<\/h3>\n\n\n\n<div class=\"wp-block-columns is-layout-flex wp-container-core-columns-is-layout-28f84493 wp-block-columns-is-layout-flex\">\n<div class=\"wp-block-column is-layout-flow wp-block-column-is-layout-flow\" style=\"flex-basis:66.66%\">\n<p class=\"has-custom-noir-color has-text-color has-link-color wp-elements-57a2cf8904507415209d50a65f8dffc8\">Nuestras sesiones est\u00e1n dise\u00f1adas para ser inmersivas, energizantes e inolvidables. En solo cuatro horas, los equipos atraviesan tres fases din\u00e1micas: <\/p>\n\n\n\n<ol class=\"wp-block-list has-custom-noir-color has-text-color has-link-color wp-elements-f30622e2174e117b006797c07ab2fd44\">\n<li><strong>Inicio en el aula :<\/strong> <br>Establecemos el marco de trabajo explorando las habilidades clave a desarrollar: confianza, coordinaci\u00f3n, comunicaci\u00f3n y feedback.<\/li>\n\n\n\n<li><strong>Pr\u00e1ctica en el agua : <\/strong><br>En nuestros barcos de remo de banco fijo, la teor\u00eda se convierte en acci\u00f3n. Cada remada exige alineamiento, escucha activa y respeto mutuo\u2014igual que en el entorno profesional.<\/li>\n\n\n\n<li><strong>Reflexi\u00f3n y consolidaci\u00f3n : <\/strong><br>De vuelta en tierra firme, hacemos el debriefing. \u00bfQu\u00e9 ha funcionado? \u00bfQu\u00e9 se puede mejorar? Se comparten aprendizajes, se fijan las lecciones, y el equipo se va m\u00e1s fuerte que antes.<\/li>\n<\/ol>\n<\/div>\n<\/div>\n\n\n\n<p><\/p>\n","protected":false},"excerpt":{"rendered":"<p>En Mentoris, hacemos las cosas de forma diferente No organizamos eventos tradicionales para equipos o clientes. Dise\u00f1amos sesiones a medida centradas en desarrollar las habilidades interpersonales clave que hacen que los equipos funcionen de verdad. Junto con nuestros clientes, identificamos las necesidades espec\u00edficas del grupo y creamos cada experiencia en funci\u00f3n de ellas. Nuestro entorno [&hellip;]<\/p>\n","protected":false},"author":2,"featured_media":0,"parent":0,"menu_order":0,"comment_status":"closed","ping_status":"closed","template":"","meta":{"footnotes":""},"class_list":["post-446","page","type-page","status-publish","hentry"],"_links":{"self":[{"href":"https:\/\/www.mentoris.dev\/es\/wp-json\/wp\/v2\/pages\/446","targetHints":{"allow":["GET"]}}],"collection":[{"href":"https:\/\/www.mentoris.dev\/es\/wp-json\/wp\/v2\/pages"}],"about":[{"href":"https:\/\/www.mentoris.dev\/es\/wp-json\/wp\/v2\/types\/page"}],"author":[{"embeddable":true,"href":"https:\/\/www.mentoris.dev\/es\/wp-json\/wp\/v2\/users\/2"}],"replies":[{"embeddable":true,"href":"https:\/\/www.mentoris.dev\/es\/wp-json\/wp\/v2\/comments?post=446"}],"version-history":[{"count":10,"href":"https:\/\/www.mentoris.dev\/es\/wp-json\/wp\/v2\/pages\/446\/revisions"}],"predecessor-version":[{"id":851,"href":"https:\/\/www.mentoris.dev\/es\/wp-json\/wp\/v2\/pages\/446\/revisions\/851"}],"wp:attachment":[{"href":"https:\/\/www.mentoris.dev\/es\/wp-json\/wp\/v2\/media?parent=446"}],"curies":[{"name":"wp","href":"https:\/\/api.w.org\/{rel}","templated":true}]}}